{"id":13983,"date":"2025-09-16T13:52:42","date_gmt":"2025-09-16T11:52:42","guid":{"rendered":"https:\/\/www.bkbprecision.com\/?page_id=13983"},"modified":"2025-12-10T11:41:37","modified_gmt":"2025-12-10T10:41:37","slug":"cookies","status":"publish","type":"page","link":"https:\/\/www.bkbprecision.com\/de\/cookies","title":{"rendered":"Cookies"},"content":{"rendered":"\n<p>Diese Website verwendet Cookies, die sich Ihre Pr\u00e4ferenzen merken und die Navigation auf bkbprecision.com erleichtern. Diese Cookies erm\u00f6glichen es uns, das Besucherverhalten zu analysieren und unsere Website zu verbessern. Dar\u00fcber hinaus werden auch Cookies von Dritten, wie z. B. Google Analytics, zum Zweck der Datenerfassung zur Verbesserung der Website www.bkbprecision.com gesetzt.<\/p>\n\n\n\n<p>Nachstehend erfahren Sie mehr dar\u00fcber, was Cookies sind und welche Cookies wir verwenden.<\/p>\n\n\n\n<h2 class=\"wp-block-heading\">Was sind Cookies?<\/h2>\n\n\n\n<p>Cookies sind kleine Textdateien. Diese kleinen Textdateien merken sich Ihr Surfverhalten und werden auf Ihrem Computer gespeichert. Sie finden Cookies im Ordner \u201eTempor\u00e4re Internetdateien\u201c. Wenn Sie eine Website besuchen, pr\u00fcft Ihr Browser, ob diese Dateien vorhanden sind, und wenn ja, welche Einstellungen Sie vorgenommen haben.<br><br>Cookies geben BKB Precision Aufschluss dar\u00fcber, wie Sie unsere Website nutzen. Dadurch k\u00f6nnen wir unsere Website verbessern und sicherstellen, dass Ihnen relevantere Informationen angezeigt werden. Wir verwenden Cookies auch f\u00fcr Marketingzwecke. Wenn Sie die Cookies deaktivieren, kann es sein, dass die Website von BKB Precision nicht optimal funktioniert.<br><br>Wir k\u00f6nnen die von uns gesammelten Cookies f\u00fcr die folgenden Zwecke verwenden:<\/p>\n\n\n\n<ul class=\"wp-block-list\">\n<li>Analytische Zwecke: um die Nutzung der Website von BKB Precision zu analysieren und zu verbessern.<\/li>\n\n\n\n<li>Soziale Medien: um f\u00fcr Sie relevante Informationen \u00fcber verschiedene soziale Medienkan\u00e4le zu verbreiten.<\/li>\n\n\n\n<li>Werbezwecke: um Ihnen relevante Angebote au\u00dferhalb der Website von BKB Precision (www.bkbprecision.com) zu unterbreiten. Die Angebote stehen in Verbindung mit den Dienstleistungen von BKB Precision und sind auf der Grundlage Ihres Verhaltens auf unserer Website (z. B. Seitenaufrufe) personalisiert.<\/li>\n<\/ul>\n\n\n\n<h3 class=\"wp-block-heading\">Welche Cookies werden von BKB Precision verwendet?<\/h3>\n\n\n\n<p>Bei BKB Precision verwenden wir die am Ende dieser Seite aufgef\u00fchrten Cookies.<br>&nbsp;<\/p>\n\n\n\n<p><a href=\"https:\/\/www.bkbprecision.com\/de\/cookies#\">Klicken Sie hier, um Ihre Cookie-Einstellungen zu entfernen.<\/a><\/p>\n\n\n\n<h3 class=\"wp-block-heading\">Andere \/ unvorhergesehene Cookies<\/h3>\n\n\n\n<p>Aufgrund der Funktionsweise des Internets und von Websites haben wir nicht immer Einblick in die von Dritten \u00fcber unsere Website platzierten Cookies. Dies ist insbesondere dann der Fall, wenn unsere Webseiten so genannte eingebettete Elemente enthalten; dies sind Texte, Dokumente, Bilder oder Videos, die bei einer anderen Partei gespeichert sind, aber auf, in oder durch unsere Webseite angezeigt werden.<\/p>\n\n\n\n<p>Sollten Sie auf www.bkbprecision.com auf Cookies sto\u00dfen, die in diese Kategorie fallen und die wir deshalb oben nicht erw\u00e4hnt haben, teilen Sie uns dies bitte mit. Sie k\u00f6nnen sich auch direkt an den Dritten wenden und fragen, welche Cookies er setzt, den Grund daf\u00fcr, die Lebensdauer des Cookies und wie er Ihre Privatsph\u00e4re gesch\u00fctzt hat.<\/p>\n\n\n\n<h3 class=\"wp-block-heading\">L\u00f6schen und Ablehnen von Cookies<\/h3>\n\n\n\n<p>\u00dcber Ihre Browsereinstellungen k\u00f6nnen Sie bereits gesetzte Cookies l\u00f6schen. Sie k\u00f6nnen hier auch neue Cookies ablehnen. Wie das geht, ist von Browser zu Browser unterschiedlich. Bei Bedarf k\u00f6nnen Sie die Hilfefunktion Ihres Browsers zu Rate ziehen. Die Deaktivierung von Cookies wirkt sich auf den jeweiligen Computer und Browser aus, auf dem Sie sie gesetzt haben.<\/p>\n\n\n\n<h3 class=\"wp-block-heading\">Erkl\u00e4rung \u00e4ndern<\/h3>\n\n\n\n<p>BKB Precision beh\u00e4lt sich das Recht vor, \u00c4nderungen an dieser Cookie-Erkl\u00e4rung vorzunehmen. Wir empfehlen Ihnen, diese Erkl\u00e4rung regelm\u00e4\u00dfig zu konsultieren, damit Sie immer \u00fcber ihren Inhalt informiert sind.<\/p>\n\n\n\n<p><em>Diese Erkl\u00e4rung wurde zuletzt im August 2021 ge\u00e4ndert.<\/em><\/p>\n\n\n\n<p>\u00dcberblick \u00fcber notwendige, analytische und Marketing-Cookies.<\/p>\n\n\n\n<h3 class=\"wp-block-heading\">Erforderliche Cookies<\/h3>\n\n\n\n<figure class=\"wp-block-table\"><table class=\"has-fixed-layout\"><tbody><tr><td>Name<\/td><td>Platziert von<\/td><td>L\u00e4uft ab nach<\/td><td>Zweck<\/td><\/tr><tr><td>CookieZustimmung<\/td><td>BKB Precision<\/td><td>1 Jahr<\/td><td>Speichert den Cookie-Status des Benutzers f\u00fcr die aktuelle Dom\u00e4ne.<\/td><\/tr><tr><td>ci_session<\/td><td>BKB Precision<\/td><td>Beendigung der Sitzung<\/td><td>Speichert den Benutzerstatus \u00fcber Seitenbesuche.&nbsp;<\/td><\/tr><\/tbody><\/table><\/figure>\n\n\n\n<h3 class=\"wp-block-heading\">Analyse Cookies<\/h3>\n\n\n\n<figure class=\"wp-block-table\"><table class=\"has-fixed-layout\"><tbody><tr><td>Name<\/td><td>Platziert von<\/td><td>L\u00e4uft ab nach<\/td><td>Zweck<\/td><\/tr><tr><td>_ga<\/td><td>Google Analytics&nbsp;<\/td><td>2 Jahre<\/td><td>Zeichnet eine eindeutige ID auf, die verwendet wird, um statistische Daten dar\u00fcber zu erstellen, wie Besucher die Website nutzen.&nbsp;<\/td><\/tr><tr><td>_gid<\/td><td>Google Analytics&nbsp;<\/td><td>Beendigung der Sitzung&nbsp;<\/td><td>Zeichnet eine eindeutige ID auf, die verwendet wird, um statistische Daten dar\u00fcber zu generieren, wie der Besucher die Website nutzt.&nbsp;<\/td><\/tr><tr><td>_gat&nbsp;<\/td><td>Google Analytics&nbsp;<\/td><td>Beendigung der Sitzung&nbsp;<\/td><td>Wird von Google Analytics verwendet, um die Suchgeschwindigkeit zu verlangsamen.&nbsp;<\/td><\/tr><tr><td>MUID<\/td><td>Bing<\/td><td>1 Jahr<\/td><td>Das Cookie erm\u00f6glicht die Benutzerverfolgung durch Synchronisierung der ID \u00fcber viele Microsoft-Domains hinweg.&nbsp;<\/td><\/tr><\/tbody><\/table><\/figure>\n\n\n\n<h3 class=\"wp-block-heading\">Marketing-Cookies<\/h3>\n\n\n\n<figure class=\"wp-block-table\"><table class=\"has-fixed-layout\"><tbody><tr><td>Name<\/td><td>Platziert von<\/td><td>L\u00e4uft ab nach<\/td><td>Zweck<\/td><\/tr><tr><td>https:\/\/connect.onlinesucces.nl\/<\/td><td>Online Succes&nbsp;<\/td><td>Beendigung der Sitzung&nbsp;<\/td><td>Cookie f\u00fcr das Link-Tool von Online Succes. Dieses Tool wird verwendet, um zu verstehen, welche Branchen die Website besuchen.&nbsp;<\/td><\/tr><tr><td>NID<\/td><td>Google Analytics<\/td><td>6 Monate&nbsp;<\/td><td>Zeichnet eine eindeutige ID auf, die das Ger\u00e4t eines wiederkehrenden Nutzers identifiziert. Die ID wird f\u00fcr gezielte Anzeigen verwendet.&nbsp;<\/td><\/tr><tr><td>ads\/ga-audiences<\/td><td>Google Analytics<\/td><td>Beendigung der Sitzung<\/td><td>Wird von Google AdWords verwendet, um Besucher, die auf der Grundlage des Online-Verhaltens des Besuchers auf einer anderen Website in Kunden umgewandelt werden k\u00f6nnen, erneut anzusprechen.&nbsp;<\/td><\/tr><tr><td>collect<\/td><td>Google Analytics<\/td><td>Beendigung der Sitzung<\/td><td>Wird verwendet, um Daten \u00fcber das Ger\u00e4t und das Verhalten des Besuchers an Google Analytics zu senden. Verfolgt den Besucher \u00fcber alle Ger\u00e4te und Marketingkan\u00e4le hinweg.<\/td><\/tr><tr><td>VISITOR_INFO1_LIVE<\/td><td>YouTube<\/td><td>179 Tage&nbsp;<\/td><td>Versucht, die Nutzerbandbreite auf Seiten mit eingebetteten YouTube-Videos zu sch\u00e4tzen.<\/td><\/tr><tr><td>YSC<\/td><td>YouTube<\/td><td>Beendigung der Sitzung&nbsp;<br>&nbsp;<\/td><td>Zeichnet eine eindeutige ID auf, um Statistiken dar\u00fcber zu f\u00fchren, welche YouTube-Videos der Nutzer gesehen hat.<\/td><\/tr><tr><td>PREF<\/td><td>YouTube<\/td><td>8 Monate<\/td><td>Zeichnet eine eindeutige ID auf, die von Google verwendet wird, um Statistiken dar\u00fcber zu f\u00fchren, wie der Besucher YouTube-Videos auf verschiedenen Websites nutzt.<\/td><\/tr><tr><td>logger<\/td><td>Online Succes&nbsp;<\/td><td>2 Jahre<\/td><td>Dieser Cookie enth\u00e4lt einen eindeutigen, zuf\u00e4llig generierten Wert, der es Online Succes (Software) erm\u00f6glicht, Website-Besucher zu unterscheiden. Wenn Sie sich als Website-Besucher durch eine Interaktion auf unserer Website zu erkennen geben (z. B. durch Ausf\u00fcllen eines Formulars), verkn\u00fcpft Online Succes dieses Cookie mit den Daten, die Sie bei dieser Interaktion hinterlassen haben.&nbsp;<\/td><\/tr><\/tbody><\/table><\/figure>\n","protected":false},"excerpt":{"rendered":"<p>Diese Website verwendet Cookies, die sich Ihre Pr\u00e4ferenzen merken und die Navigation auf bkbprecision.com erleichtern. Diese Cookies erm\u00f6glichen es uns, das Besucherverhalten zu analysieren und unsere Website zu verbessern. Dar\u00fcber hinaus werden auch Cookies von Dritten, wie z. B. Google Analytics, zum Zweck der Datenerfassung zur Verbesserung der Website www.bkbprecision.com gesetzt. Nachstehend erfahren Sie mehr [&hellip;]<\/p>\n","protected":false},"author":3,"featured_media":0,"parent":0,"menu_order":0,"comment_status":"closed","ping_status":"closed","template":"","meta":{"_acf_changed":false,"footnotes":""},"class_list":["post-13983","page","type-page","status-publish","hentry"],"acf":[],"yoast_head":"<!-- This site is optimized with the Yoast SEO plugin v25.9 - https:\/\/yoast.com\/wordpress\/plugins\/seo\/ -->\n<title>Cookie-Erkl\u00e4rung | BKB Precision<\/title>\n<meta name=\"description\" content=\"Diese Website verwendet Cookies, die sich Ihre Pr\u00e4ferenzen merken und die Navigation auf bkbprecision.com erleichtern.\" \/>\n<meta name=\"robots\" content=\"index, follow, max-snippet:-1, max-image-preview:large, max-video-preview:-1\" \/>\n<link rel=\"canonical\" href=\"https:\/\/www.bkbprecision.com\/de\/cookies\" \/>\n<meta property=\"og:locale\" content=\"de_DE\" \/>\n<meta property=\"og:type\" content=\"article\" \/>\n<meta property=\"og:title\" content=\"Cookie-Erkl\u00e4rung | BKB Precision\" \/>\n<meta property=\"og:description\" content=\"Diese Website verwendet Cookies, die sich Ihre Pr\u00e4ferenzen merken und die Navigation auf bkbprecision.com erleichtern.\" \/>\n<meta property=\"og:url\" content=\"https:\/\/www.bkbprecision.com\/de\/cookies\" \/>\n<meta property=\"og:site_name\" content=\"BKB Precision\" \/>\n<meta property=\"article:modified_time\" content=\"2025-12-10T10:41:37+00:00\" \/>\n<meta name=\"twitter:card\" content=\"summary_large_image\" \/>\n<meta name=\"twitter:label1\" content=\"Est. reading time\" \/>\n\t<meta name=\"twitter:data1\" content=\"5 minutes\" \/>\n<script type=\"application\/ld+json\" class=\"yoast-schema-graph\">{\"@context\":\"https:\/\/schema.org\",\"@graph\":[{\"@type\":\"WebPage\",\"@id\":\"https:\/\/www.bkbprecision.com\/de\/cookies\",\"url\":\"https:\/\/www.bkbprecision.com\/de\/cookies\",\"name\":\"Cookie-Erkl\u00e4rung | BKB Precision\",\"isPartOf\":{\"@id\":\"https:\/\/www.bkbprecision.com\/de#website\"},\"datePublished\":\"2025-09-16T11:52:42+00:00\",\"dateModified\":\"2025-12-10T10:41:37+00:00\",\"description\":\"Diese Website verwendet Cookies, die sich Ihre Pr\u00e4ferenzen merken und die Navigation auf bkbprecision.com erleichtern.\",\"breadcrumb\":{\"@id\":\"https:\/\/www.bkbprecision.com\/de\/cookies#breadcrumb\"},\"inLanguage\":\"de-DE\",\"potentialAction\":[{\"@type\":\"ReadAction\",\"target\":[\"https:\/\/www.bkbprecision.com\/de\/cookies\"]}]},{\"@type\":\"BreadcrumbList\",\"@id\":\"https:\/\/www.bkbprecision.com\/de\/cookies#breadcrumb\",\"itemListElement\":[{\"@type\":\"ListItem\",\"position\":1,\"name\":\"Home\",\"item\":\"https:\/\/www.bkbprecision.com\/de\"},{\"@type\":\"ListItem\",\"position\":2,\"name\":\"Cookies\"}]},{\"@type\":\"WebSite\",\"@id\":\"https:\/\/www.bkbprecision.com\/de#website\",\"url\":\"https:\/\/www.bkbprecision.com\/de\",\"name\":\"BKB Precision\",\"description\":\"Geavanceerde kunststofbewerking\",\"publisher\":{\"@id\":\"https:\/\/www.bkbprecision.com\/de#organization\"},\"potentialAction\":[{\"@type\":\"SearchAction\",\"target\":{\"@type\":\"EntryPoint\",\"urlTemplate\":\"https:\/\/www.bkbprecision.com\/de?s={search_term_string}\"},\"query-input\":{\"@type\":\"PropertyValueSpecification\",\"valueRequired\":true,\"valueName\":\"search_term_string\"}}],\"inLanguage\":\"de-DE\"},{\"@type\":\"Organization\",\"@id\":\"https:\/\/www.bkbprecision.com\/de#organization\",\"name\":\"BKB Precision\",\"url\":\"https:\/\/www.bkbprecision.com\/de\",\"logo\":{\"@type\":\"ImageObject\",\"inLanguage\":\"de-DE\",\"@id\":\"https:\/\/www.bkbprecision.com\/de#\/schema\/logo\/image\/\",\"url\":\"https:\/\/www.bkbprecision.com\/wp-content\/uploads\/2025\/10\/logo-bkb.svg\",\"contentUrl\":\"https:\/\/www.bkbprecision.com\/wp-content\/uploads\/2025\/10\/logo-bkb.svg\",\"caption\":\"BKB Precision\"},\"image\":{\"@id\":\"https:\/\/www.bkbprecision.com\/de#\/schema\/logo\/image\/\"},\"sameAs\":[\"https:\/\/www.linkedin.com\/company\/bkb-precision\",\"https:\/\/www.youtube.com\/@Bkbprecision\"]}]}<\/script>\n<!-- \/ Yoast SEO plugin. -->","yoast_head_json":{"title":"Cookie-Erkl\u00e4rung | BKB Precision","description":"Diese Website verwendet Cookies, die sich Ihre Pr\u00e4ferenzen merken und die Navigation auf bkbprecision.com erleichtern.","robots":{"index":"index","follow":"follow","max-snippet":"max-snippet:-1","max-image-preview":"max-image-preview:large","max-video-preview":"max-video-preview:-1"},"canonical":"https:\/\/www.bkbprecision.com\/de\/cookies","og_locale":"de_DE","og_type":"article","og_title":"Cookie-Erkl\u00e4rung | BKB Precision","og_description":"Diese Website verwendet Cookies, die sich Ihre Pr\u00e4ferenzen merken und die Navigation auf bkbprecision.com erleichtern.","og_url":"https:\/\/www.bkbprecision.com\/de\/cookies","og_site_name":"BKB Precision","article_modified_time":"2025-12-10T10:41:37+00:00","twitter_card":"summary_large_image","twitter_misc":{"Est. reading time":"5 minutes"},"schema":{"@context":"https:\/\/schema.org","@graph":[{"@type":"WebPage","@id":"https:\/\/www.bkbprecision.com\/de\/cookies","url":"https:\/\/www.bkbprecision.com\/de\/cookies","name":"Cookie-Erkl\u00e4rung | BKB Precision","isPartOf":{"@id":"https:\/\/www.bkbprecision.com\/de#website"},"datePublished":"2025-09-16T11:52:42+00:00","dateModified":"2025-12-10T10:41:37+00:00","description":"Diese Website verwendet Cookies, die sich Ihre Pr\u00e4ferenzen merken und die Navigation auf bkbprecision.com erleichtern.","breadcrumb":{"@id":"https:\/\/www.bkbprecision.com\/de\/cookies#breadcrumb"},"inLanguage":"de-DE","potentialAction":[{"@type":"ReadAction","target":["https:\/\/www.bkbprecision.com\/de\/cookies"]}]},{"@type":"BreadcrumbList","@id":"https:\/\/www.bkbprecision.com\/de\/cookies#breadcrumb","itemListElement":[{"@type":"ListItem","position":1,"name":"Home","item":"https:\/\/www.bkbprecision.com\/de"},{"@type":"ListItem","position":2,"name":"Cookies"}]},{"@type":"WebSite","@id":"https:\/\/www.bkbprecision.com\/de#website","url":"https:\/\/www.bkbprecision.com\/de","name":"BKB Precision","description":"Geavanceerde kunststofbewerking","publisher":{"@id":"https:\/\/www.bkbprecision.com\/de#organization"},"potentialAction":[{"@type":"SearchAction","target":{"@type":"EntryPoint","urlTemplate":"https:\/\/www.bkbprecision.com\/de?s={search_term_string}"},"query-input":{"@type":"PropertyValueSpecification","valueRequired":true,"valueName":"search_term_string"}}],"inLanguage":"de-DE"},{"@type":"Organization","@id":"https:\/\/www.bkbprecision.com\/de#organization","name":"BKB Precision","url":"https:\/\/www.bkbprecision.com\/de","logo":{"@type":"ImageObject","inLanguage":"de-DE","@id":"https:\/\/www.bkbprecision.com\/de#\/schema\/logo\/image\/","url":"https:\/\/www.bkbprecision.com\/wp-content\/uploads\/2025\/10\/logo-bkb.svg","contentUrl":"https:\/\/www.bkbprecision.com\/wp-content\/uploads\/2025\/10\/logo-bkb.svg","caption":"BKB Precision"},"image":{"@id":"https:\/\/www.bkbprecision.com\/de#\/schema\/logo\/image\/"},"sameAs":["https:\/\/www.linkedin.com\/company\/bkb-precision","https:\/\/www.youtube.com\/@Bkbprecision"]}]}},"_links":{"self":[{"href":"https:\/\/www.bkbprecision.com\/de\/wp-json\/wp\/v2\/pages\/13983","targetHints":{"allow":["GET"]}}],"collection":[{"href":"https:\/\/www.bkbprecision.com\/de\/wp-json\/wp\/v2\/pages"}],"about":[{"href":"https:\/\/www.bkbprecision.com\/de\/wp-json\/wp\/v2\/types\/page"}],"author":[{"embeddable":true,"href":"https:\/\/www.bkbprecision.com\/de\/wp-json\/wp\/v2\/users\/3"}],"replies":[{"embeddable":true,"href":"https:\/\/www.bkbprecision.com\/de\/wp-json\/wp\/v2\/comments?post=13983"}],"version-history":[{"count":1,"href":"https:\/\/www.bkbprecision.com\/de\/wp-json\/wp\/v2\/pages\/13983\/revisions"}],"predecessor-version":[{"id":13984,"href":"https:\/\/www.bkbprecision.com\/de\/wp-json\/wp\/v2\/pages\/13983\/revisions\/13984"}],"wp:attachment":[{"href":"https:\/\/www.bkbprecision.com\/de\/wp-json\/wp\/v2\/media?parent=13983"}],"curies":[{"name":"wp","href":"https:\/\/api.w.org\/{rel}","templated":true}]}}