{"id":13968,"date":"2025-09-16T13:51:33","date_gmt":"2025-09-16T11:51:33","guid":{"rendered":"https:\/\/www.bkbprecision.com\/?page_id=13968"},"modified":"2026-02-20T10:37:13","modified_gmt":"2026-02-20T09:37:13","slug":"datenschutzerklaerung","status":"publish","type":"page","link":"https:\/\/www.bkbprecision.com\/de\/datenschutzerklaerung","title":{"rendered":"Datenschutzerkl\u00e4rung"},"content":{"rendered":"\n<p>www.bkbprecision.com respektiert die Privatsph\u00e4re aller Nutzer und gew\u00e4hrleistet, dass alle von Ihnen bereitgestellten personenbezogenen Daten stets vertraulich behandelt werden. Wir verwenden Ihre Daten ausschlie\u00dflich zur Erbringung der von Ihnen angeforderten Dienstleistungen.<\/p>\n\n\n\n<h2 class=\"wp-block-heading\">Erfasste personenbezogene Daten<\/h2>\n\n\n\n<p>BKB Precision kann personenbezogene Daten \u00fcber Sie durch Ihre Nutzung der Dienste von BKB Precision erfassen und<\/p>\n\n\n\n<h2 class=\"wp-block-heading\">Wie lange speichert BKB Precision Daten?<\/h2>\n\n\n\n<p>BKB Precision speichert Ihre personenbezogenen Daten nicht l\u00e4nger, als es f\u00fcr die Erreichung der Zwecke, f\u00fcr die Ihre Daten erhoben wurden, unbedingt erforderlich ist. Tats\u00e4chlich verwendet BKB Precision Ihre Daten, um Zielgruppen zu ermitteln, damit wir die richtigen Personen erreichen k\u00f6nnen. Wenn keine vertragliche Vereinbarung mit Ihnen zustande kommt, werden Ihre Daten nicht l\u00e4nger als ein Jahr in unseren Unterlagen gespeichert.<\/p>\n\n\n\n<h2 class=\"wp-block-heading\">Weitergabe an Dritte<\/h2>\n\n\n\n<p>BKB Precision gibt Ihre personenbezogenen Daten nur dann an Dritte weiter, wenn dies f\u00fcr die Erf\u00fcllung eines Vertrags mit Ihnen oder zur Einhaltung einer gesetzlichen Verpflichtung erforderlich ist. Wenn Sie m\u00f6chten, dass BKB Precision Ihre Daten l\u00f6scht, senden Sie uns einfach eine E-Mail mit dieser Bitte.<\/p>\n\n\n\n<h2 class=\"wp-block-heading\">Erfassung des Website-Traffics<\/h2>\n\n\n\n<p>Die Website von BKB Precision erfasst allgemeine Besucherdaten, darunter die IP-Adresse Ihres Computers, den Zeitpunkt der Anfrage und die von Ihrem Browser gesendeten Daten. Diese allgemeinen Daten werden verwendet, um das Besucherverhalten und das Klickverhalten auf der Website zu analysieren. BKB Precision nutzt diese Informationen, um den Betrieb der Website zu verbessern. Diese Daten werden so weit wie m\u00f6glich anonymisiert und nicht an Dritte weitergegeben.<\/p>\n\n\n\n<h2 class=\"wp-block-heading\">Cookies<\/h2>\n\n\n\n<p>BKB Precision verwendet Cookies, um die Website www.bkbprecision.com zu verbessern. Beim Besuch dieser Website k\u00f6nnen Cookies verwendet werden, um anonyme Informationen zu sammeln. Diese Cookies enthalten jedoch niemals personenbezogene Daten wie Ihren Namen oder Ihre E-Mail-Adresse.<\/p>\n\n\n\n<p>Die Cookies erm\u00f6glichen es uns, Ihnen auf externen Websites Werbung anzuzeigen, die f\u00fcr Sie relevant sein k\u00f6nnte. Zu diesem Zweck nutzen wir Werbenetzwerke wie Google AdWords. Externe Websites, die sich im Netzwerk dieser Drittanbieter befinden, k\u00f6nnen jedoch Cookies auf Ihrem PC platzieren, um Informationen zu erhalten. BKB Precision hat darauf keinen Zugriff und keine Kontrolle. Weitere Informationen finden Sie in den Datenschutzrichtlinien dieser Drittanbieter. Die Datenschutzrichtlinie von BKB Precision findet hier keine Anwendung.<\/p>\n\n\n\n<p>Wenn Sie \u00fcber die Startseite dieser Website hinaus navigieren, gehen wir davon aus, dass Sie die Cookies akzeptieren und uns die Erlaubnis zum Setzen von Cookies und denen von Dritten erteilen.<\/p>\n\n\n\n<p>Weitere Informationen zu den von uns verwendeten Cookies finden Sie in unserer Cookie-Erkl\u00e4rung.<\/p>\n\n\n\n<h2 class=\"wp-block-heading\">Anzeigen, \u00c4ndern oder L\u00f6schen von Daten<\/h2>\n\n\n\n<p>Sie haben das Recht, Ihre personenbezogenen Daten einzusehen, zu korrigieren oder zu l\u00f6schen. Sie k\u00f6nnen einen Antrag auf Einsicht, Korrektur oder L\u00f6schung an info@bkbprecision.com senden. BKB Precision wird Ihre Anfrage so schnell wie m\u00f6glich, sp\u00e4testens jedoch innerhalb von vier Wochen beantworten.<\/p>\n\n\n\n<p>BKB Precision ist auf folgende Weise erreichbar:<\/p>\n\n\n\n<p>Postanschrift: Ekkersrijt Science Park 5208 \u2013 5692 EG Son<br>Telefonnummer: 040 \u2013 267 01 01<br>E-Mail-Adresse: info@bkbprecision.com<\/p>\n\n\n\n<h2 class=\"wp-block-heading\">Sicherheitsma\u00dfnahmen<\/h2>\n\n\n\n<p>BKB Precision nimmt den Schutz Ihrer Daten ernst und ergreift alle geeigneten Ma\u00dfnahmen, um Missbrauch, Verlust, unbefugten Zugriff, unerw\u00fcnschte Offenlegung und unbefugte \u00c4nderungen zu verhindern.<\/p>\n\n\n\n<p>Die Website von BKB Precision verwendet ein zuverl\u00e4ssiges SSL-Zertifikat, um sicherzustellen, dass Ihre pers\u00f6nlichen Daten nicht in die falschen H\u00e4nde geraten.<\/p>\n\n\n\n<p>Wenn Sie den Eindruck haben, dass Ihre Daten nicht sicher sind, Anzeichen f\u00fcr Missbrauch vorliegen oder Sie weitere Informationen zur Sicherheit der von BKB Precision erfassten personenbezogenen Daten w\u00fcnschen, wenden Sie sich bitte an BKB Precision unter info@bkbprecision.com. www.bkbprecision.com ist eine Website von BKB Precision.<\/p>\n\n\n\n<p><\/p>\n","protected":false},"excerpt":{"rendered":"<p>www.bkbprecision.com respektiert die Privatsph\u00e4re aller Nutzer und gew\u00e4hrleistet, dass alle von Ihnen bereitgestellten personenbezogenen Daten stets vertraulich behandelt werden. Wir verwenden Ihre Daten ausschlie\u00dflich zur Erbringung der von Ihnen angeforderten Dienstleistungen. Erfasste personenbezogene Daten BKB Precision kann personenbezogene Daten \u00fcber Sie durch Ihre Nutzung der Dienste von BKB Precision erfassen und Wie lange speichert BKB [&hellip;]<\/p>\n","protected":false},"author":3,"featured_media":0,"parent":0,"menu_order":0,"comment_status":"closed","ping_status":"closed","template":"","meta":{"_acf_changed":false,"footnotes":""},"class_list":["post-13968","page","type-page","status-publish","hentry"],"acf":[],"yoast_head":"<!-- This site is optimized with the Yoast SEO plugin v25.9 - https:\/\/yoast.com\/wordpress\/plugins\/seo\/ -->\n<title>Datenschutzerkl\u00e4rung | BKB Precision<\/title>\n<meta name=\"description\" content=\"Datenschutzerkl\u00e4rung von BKB Precision\" \/>\n<meta name=\"robots\" content=\"index, follow, max-snippet:-1, max-image-preview:large, max-video-preview:-1\" \/>\n<link rel=\"canonical\" href=\"https:\/\/www.bkbprecision.com\/de\/datenschutzerklaerung\" \/>\n<meta property=\"og:locale\" content=\"de_DE\" \/>\n<meta property=\"og:type\" content=\"article\" \/>\n<meta property=\"og:title\" content=\"Datenschutzerkl\u00e4rung | BKB Precision\" \/>\n<meta property=\"og:description\" content=\"Datenschutzerkl\u00e4rung von BKB Precision\" \/>\n<meta property=\"og:url\" content=\"https:\/\/www.bkbprecision.com\/de\/datenschutzerklaerung\" \/>\n<meta property=\"og:site_name\" content=\"BKB Precision\" \/>\n<meta property=\"article:modified_time\" content=\"2026-02-20T09:37:13+00:00\" \/>\n<meta name=\"twitter:card\" content=\"summary_large_image\" \/>\n<meta name=\"twitter:label1\" content=\"Est. reading time\" \/>\n\t<meta name=\"twitter:data1\" content=\"3 minutes\" \/>\n<script type=\"application\/ld+json\" class=\"yoast-schema-graph\">{\"@context\":\"https:\/\/schema.org\",\"@graph\":[{\"@type\":\"WebPage\",\"@id\":\"https:\/\/www.bkbprecision.com\/de\/datenschutzerklaerung\",\"url\":\"https:\/\/www.bkbprecision.com\/de\/datenschutzerklaerung\",\"name\":\"Datenschutzerkl\u00e4rung | BKB Precision\",\"isPartOf\":{\"@id\":\"https:\/\/www.bkbprecision.com\/de#website\"},\"datePublished\":\"2025-09-16T11:51:33+00:00\",\"dateModified\":\"2026-02-20T09:37:13+00:00\",\"description\":\"Datenschutzerkl\u00e4rung von BKB Precision\",\"breadcrumb\":{\"@id\":\"https:\/\/www.bkbprecision.com\/de\/datenschutzerklaerung#breadcrumb\"},\"inLanguage\":\"de-DE\",\"potentialAction\":[{\"@type\":\"ReadAction\",\"target\":[\"https:\/\/www.bkbprecision.com\/de\/datenschutzerklaerung\"]}]},{\"@type\":\"BreadcrumbList\",\"@id\":\"https:\/\/www.bkbprecision.com\/de\/datenschutzerklaerung#breadcrumb\",\"itemListElement\":[{\"@type\":\"ListItem\",\"position\":1,\"name\":\"Home\",\"item\":\"https:\/\/www.bkbprecision.com\/de\"},{\"@type\":\"ListItem\",\"position\":2,\"name\":\"Datenschutzerkl\u00e4rung\"}]},{\"@type\":\"WebSite\",\"@id\":\"https:\/\/www.bkbprecision.com\/de#website\",\"url\":\"https:\/\/www.bkbprecision.com\/de\",\"name\":\"BKB Precision\",\"description\":\"Geavanceerde kunststofbewerking\",\"publisher\":{\"@id\":\"https:\/\/www.bkbprecision.com\/de#organization\"},\"potentialAction\":[{\"@type\":\"SearchAction\",\"target\":{\"@type\":\"EntryPoint\",\"urlTemplate\":\"https:\/\/www.bkbprecision.com\/de?s={search_term_string}\"},\"query-input\":{\"@type\":\"PropertyValueSpecification\",\"valueRequired\":true,\"valueName\":\"search_term_string\"}}],\"inLanguage\":\"de-DE\"},{\"@type\":\"Organization\",\"@id\":\"https:\/\/www.bkbprecision.com\/de#organization\",\"name\":\"BKB Precision\",\"url\":\"https:\/\/www.bkbprecision.com\/de\",\"logo\":{\"@type\":\"ImageObject\",\"inLanguage\":\"de-DE\",\"@id\":\"https:\/\/www.bkbprecision.com\/de#\/schema\/logo\/image\/\",\"url\":\"https:\/\/www.bkbprecision.com\/wp-content\/uploads\/2025\/10\/logo-bkb.svg\",\"contentUrl\":\"https:\/\/www.bkbprecision.com\/wp-content\/uploads\/2025\/10\/logo-bkb.svg\",\"caption\":\"BKB Precision\"},\"image\":{\"@id\":\"https:\/\/www.bkbprecision.com\/de#\/schema\/logo\/image\/\"},\"sameAs\":[\"https:\/\/www.linkedin.com\/company\/bkb-precision\",\"https:\/\/www.youtube.com\/@Bkbprecision\"]}]}<\/script>\n<!-- \/ Yoast SEO plugin. -->","yoast_head_json":{"title":"Datenschutzerkl\u00e4rung | BKB Precision","description":"Datenschutzerkl\u00e4rung von BKB Precision","robots":{"index":"index","follow":"follow","max-snippet":"max-snippet:-1","max-image-preview":"max-image-preview:large","max-video-preview":"max-video-preview:-1"},"canonical":"https:\/\/www.bkbprecision.com\/de\/datenschutzerklaerung","og_locale":"de_DE","og_type":"article","og_title":"Datenschutzerkl\u00e4rung | BKB Precision","og_description":"Datenschutzerkl\u00e4rung von BKB Precision","og_url":"https:\/\/www.bkbprecision.com\/de\/datenschutzerklaerung","og_site_name":"BKB Precision","article_modified_time":"2026-02-20T09:37:13+00:00","twitter_card":"summary_large_image","twitter_misc":{"Est. reading time":"3 minutes"},"schema":{"@context":"https:\/\/schema.org","@graph":[{"@type":"WebPage","@id":"https:\/\/www.bkbprecision.com\/de\/datenschutzerklaerung","url":"https:\/\/www.bkbprecision.com\/de\/datenschutzerklaerung","name":"Datenschutzerkl\u00e4rung | BKB Precision","isPartOf":{"@id":"https:\/\/www.bkbprecision.com\/de#website"},"datePublished":"2025-09-16T11:51:33+00:00","dateModified":"2026-02-20T09:37:13+00:00","description":"Datenschutzerkl\u00e4rung von BKB Precision","breadcrumb":{"@id":"https:\/\/www.bkbprecision.com\/de\/datenschutzerklaerung#breadcrumb"},"inLanguage":"de-DE","potentialAction":[{"@type":"ReadAction","target":["https:\/\/www.bkbprecision.com\/de\/datenschutzerklaerung"]}]},{"@type":"BreadcrumbList","@id":"https:\/\/www.bkbprecision.com\/de\/datenschutzerklaerung#breadcrumb","itemListElement":[{"@type":"ListItem","position":1,"name":"Home","item":"https:\/\/www.bkbprecision.com\/de"},{"@type":"ListItem","position":2,"name":"Datenschutzerkl\u00e4rung"}]},{"@type":"WebSite","@id":"https:\/\/www.bkbprecision.com\/de#website","url":"https:\/\/www.bkbprecision.com\/de","name":"BKB Precision","description":"Geavanceerde kunststofbewerking","publisher":{"@id":"https:\/\/www.bkbprecision.com\/de#organization"},"potentialAction":[{"@type":"SearchAction","target":{"@type":"EntryPoint","urlTemplate":"https:\/\/www.bkbprecision.com\/de?s={search_term_string}"},"query-input":{"@type":"PropertyValueSpecification","valueRequired":true,"valueName":"search_term_string"}}],"inLanguage":"de-DE"},{"@type":"Organization","@id":"https:\/\/www.bkbprecision.com\/de#organization","name":"BKB Precision","url":"https:\/\/www.bkbprecision.com\/de","logo":{"@type":"ImageObject","inLanguage":"de-DE","@id":"https:\/\/www.bkbprecision.com\/de#\/schema\/logo\/image\/","url":"https:\/\/www.bkbprecision.com\/wp-content\/uploads\/2025\/10\/logo-bkb.svg","contentUrl":"https:\/\/www.bkbprecision.com\/wp-content\/uploads\/2025\/10\/logo-bkb.svg","caption":"BKB Precision"},"image":{"@id":"https:\/\/www.bkbprecision.com\/de#\/schema\/logo\/image\/"},"sameAs":["https:\/\/www.linkedin.com\/company\/bkb-precision","https:\/\/www.youtube.com\/@Bkbprecision"]}]}},"_links":{"self":[{"href":"https:\/\/www.bkbprecision.com\/de\/wp-json\/wp\/v2\/pages\/13968","targetHints":{"allow":["GET"]}}],"collection":[{"href":"https:\/\/www.bkbprecision.com\/de\/wp-json\/wp\/v2\/pages"}],"about":[{"href":"https:\/\/www.bkbprecision.com\/de\/wp-json\/wp\/v2\/types\/page"}],"author":[{"embeddable":true,"href":"https:\/\/www.bkbprecision.com\/de\/wp-json\/wp\/v2\/users\/3"}],"replies":[{"embeddable":true,"href":"https:\/\/www.bkbprecision.com\/de\/wp-json\/wp\/v2\/comments?post=13968"}],"version-history":[{"count":2,"href":"https:\/\/www.bkbprecision.com\/de\/wp-json\/wp\/v2\/pages\/13968\/revisions"}],"predecessor-version":[{"id":16721,"href":"https:\/\/www.bkbprecision.com\/de\/wp-json\/wp\/v2\/pages\/13968\/revisions\/16721"}],"wp:attachment":[{"href":"https:\/\/www.bkbprecision.com\/de\/wp-json\/wp\/v2\/media?parent=13968"}],"curies":[{"name":"wp","href":"https:\/\/api.w.org\/{rel}","templated":true}]}}