{"id":13953,"date":"2025-09-16T13:48:08","date_gmt":"2025-09-16T11:48:08","guid":{"rendered":"https:\/\/www.bkbprecision.com\/?page_id=13953"},"modified":"2025-12-10T11:28:47","modified_gmt":"2025-12-10T10:28:47","slug":"disclaimer","status":"publish","type":"page","link":"https:\/\/www.bkbprecision.com\/de\/disclaimer","title":{"rendered":"Disclaimer"},"content":{"rendered":"\n<p>Diese Website wird mit Sorgfalt gepflegt. Van den Berg Kunststofbewerking BV, handelnd unter dem Namen BKB Precision ist bestrebt, den Inhalt dieser Website so aktuell, zug\u00e4nglich, korrekt und vollst\u00e4ndig wie m\u00f6glich zu gestalten und zu halten.<\/p>\n\n\n\n<p>Es ist jedoch m\u00f6glich, dass der Inhalt dieser Website teilweise nicht mehr aktuell, unvollst\u00e4ndig und\/oder fehlerhaft ist. Aus dem Inhalt dieser Website k\u00f6nnen daher keine Rechte abgeleitet werden.<\/p>\n","protected":false},"excerpt":{"rendered":"<p>Diese Website wird mit Sorgfalt gepflegt. Van den Berg Kunststofbewerking BV, handelnd unter dem Namen BKB Precision ist bestrebt, den Inhalt dieser Website so aktuell, zug\u00e4nglich, korrekt und vollst\u00e4ndig wie m\u00f6glich zu gestalten und zu halten. Es ist jedoch m\u00f6glich, dass der Inhalt dieser Website teilweise nicht mehr aktuell, unvollst\u00e4ndig und\/oder fehlerhaft ist. Aus dem [&hellip;]<\/p>\n","protected":false},"author":3,"featured_media":0,"parent":0,"menu_order":0,"comment_status":"closed","ping_status":"closed","template":"","meta":{"_acf_changed":false,"footnotes":""},"class_list":["post-13953","page","type-page","status-publish","hentry"],"acf":[],"yoast_head":"<!-- This site is optimized with the Yoast SEO plugin v25.9 - https:\/\/yoast.com\/wordpress\/plugins\/seo\/ -->\n<title>Disclaimer Deutsch | BKB Precision<\/title>\n<meta name=\"description\" content=\"Diese Website wird mit Sorgfalt gepflegt. Van den Berg Kunststobewerking BV mit dem Handelsnamen BKB Precision.\" \/>\n<meta name=\"robots\" content=\"index, follow, max-snippet:-1, max-image-preview:large, max-video-preview:-1\" \/>\n<link rel=\"canonical\" href=\"https:\/\/www.bkbprecision.com\/de\/disclaimer\" \/>\n<meta property=\"og:locale\" content=\"de_DE\" \/>\n<meta property=\"og:type\" content=\"article\" \/>\n<meta property=\"og:title\" content=\"Disclaimer Deutsch | BKB Precision\" \/>\n<meta property=\"og:description\" content=\"Diese Website wird mit Sorgfalt gepflegt. Van den Berg Kunststobewerking BV mit dem Handelsnamen BKB Precision.\" \/>\n<meta property=\"og:url\" content=\"https:\/\/www.bkbprecision.com\/de\/disclaimer\" \/>\n<meta property=\"og:site_name\" content=\"BKB Precision\" \/>\n<meta property=\"article:modified_time\" content=\"2025-12-10T10:28:47+00:00\" \/>\n<meta name=\"twitter:card\" content=\"summary_large_image\" \/>\n<meta name=\"twitter:label1\" content=\"Est. reading time\" \/>\n\t<meta name=\"twitter:data1\" content=\"1 minute\" \/>\n<script type=\"application\/ld+json\" class=\"yoast-schema-graph\">{\"@context\":\"https:\/\/schema.org\",\"@graph\":[{\"@type\":\"WebPage\",\"@id\":\"https:\/\/www.bkbprecision.com\/de\/disclaimer\",\"url\":\"https:\/\/www.bkbprecision.com\/de\/disclaimer\",\"name\":\"Disclaimer Deutsch | BKB Precision\",\"isPartOf\":{\"@id\":\"https:\/\/www.bkbprecision.com\/de#website\"},\"datePublished\":\"2025-09-16T11:48:08+00:00\",\"dateModified\":\"2025-12-10T10:28:47+00:00\",\"description\":\"Diese Website wird mit Sorgfalt gepflegt. Van den Berg Kunststobewerking BV mit dem Handelsnamen BKB Precision.\",\"breadcrumb\":{\"@id\":\"https:\/\/www.bkbprecision.com\/de\/disclaimer#breadcrumb\"},\"inLanguage\":\"de-DE\",\"potentialAction\":[{\"@type\":\"ReadAction\",\"target\":[\"https:\/\/www.bkbprecision.com\/de\/disclaimer\"]}]},{\"@type\":\"BreadcrumbList\",\"@id\":\"https:\/\/www.bkbprecision.com\/de\/disclaimer#breadcrumb\",\"itemListElement\":[{\"@type\":\"ListItem\",\"position\":1,\"name\":\"Home\",\"item\":\"https:\/\/www.bkbprecision.com\/de\"},{\"@type\":\"ListItem\",\"position\":2,\"name\":\"Disclaimer\"}]},{\"@type\":\"WebSite\",\"@id\":\"https:\/\/www.bkbprecision.com\/de#website\",\"url\":\"https:\/\/www.bkbprecision.com\/de\",\"name\":\"BKB Precision\",\"description\":\"Geavanceerde kunststofbewerking\",\"publisher\":{\"@id\":\"https:\/\/www.bkbprecision.com\/de#organization\"},\"potentialAction\":[{\"@type\":\"SearchAction\",\"target\":{\"@type\":\"EntryPoint\",\"urlTemplate\":\"https:\/\/www.bkbprecision.com\/de?s={search_term_string}\"},\"query-input\":{\"@type\":\"PropertyValueSpecification\",\"valueRequired\":true,\"valueName\":\"search_term_string\"}}],\"inLanguage\":\"de-DE\"},{\"@type\":\"Organization\",\"@id\":\"https:\/\/www.bkbprecision.com\/de#organization\",\"name\":\"BKB Precision\",\"url\":\"https:\/\/www.bkbprecision.com\/de\",\"logo\":{\"@type\":\"ImageObject\",\"inLanguage\":\"de-DE\",\"@id\":\"https:\/\/www.bkbprecision.com\/de#\/schema\/logo\/image\/\",\"url\":\"https:\/\/www.bkbprecision.com\/wp-content\/uploads\/2025\/10\/logo-bkb.svg\",\"contentUrl\":\"https:\/\/www.bkbprecision.com\/wp-content\/uploads\/2025\/10\/logo-bkb.svg\",\"caption\":\"BKB Precision\"},\"image\":{\"@id\":\"https:\/\/www.bkbprecision.com\/de#\/schema\/logo\/image\/\"},\"sameAs\":[\"https:\/\/www.linkedin.com\/company\/bkb-precision\",\"https:\/\/www.youtube.com\/@Bkbprecision\"]}]}<\/script>\n<!-- \/ Yoast SEO plugin. -->","yoast_head_json":{"title":"Disclaimer Deutsch | BKB Precision","description":"Diese Website wird mit Sorgfalt gepflegt. Van den Berg Kunststobewerking BV mit dem Handelsnamen BKB Precision.","robots":{"index":"index","follow":"follow","max-snippet":"max-snippet:-1","max-image-preview":"max-image-preview:large","max-video-preview":"max-video-preview:-1"},"canonical":"https:\/\/www.bkbprecision.com\/de\/disclaimer","og_locale":"de_DE","og_type":"article","og_title":"Disclaimer Deutsch | BKB Precision","og_description":"Diese Website wird mit Sorgfalt gepflegt. Van den Berg Kunststobewerking BV mit dem Handelsnamen BKB Precision.","og_url":"https:\/\/www.bkbprecision.com\/de\/disclaimer","og_site_name":"BKB Precision","article_modified_time":"2025-12-10T10:28:47+00:00","twitter_card":"summary_large_image","twitter_misc":{"Est. reading time":"1 minute"},"schema":{"@context":"https:\/\/schema.org","@graph":[{"@type":"WebPage","@id":"https:\/\/www.bkbprecision.com\/de\/disclaimer","url":"https:\/\/www.bkbprecision.com\/de\/disclaimer","name":"Disclaimer Deutsch | BKB Precision","isPartOf":{"@id":"https:\/\/www.bkbprecision.com\/de#website"},"datePublished":"2025-09-16T11:48:08+00:00","dateModified":"2025-12-10T10:28:47+00:00","description":"Diese Website wird mit Sorgfalt gepflegt. Van den Berg Kunststobewerking BV mit dem Handelsnamen BKB Precision.","breadcrumb":{"@id":"https:\/\/www.bkbprecision.com\/de\/disclaimer#breadcrumb"},"inLanguage":"de-DE","potentialAction":[{"@type":"ReadAction","target":["https:\/\/www.bkbprecision.com\/de\/disclaimer"]}]},{"@type":"BreadcrumbList","@id":"https:\/\/www.bkbprecision.com\/de\/disclaimer#breadcrumb","itemListElement":[{"@type":"ListItem","position":1,"name":"Home","item":"https:\/\/www.bkbprecision.com\/de"},{"@type":"ListItem","position":2,"name":"Disclaimer"}]},{"@type":"WebSite","@id":"https:\/\/www.bkbprecision.com\/de#website","url":"https:\/\/www.bkbprecision.com\/de","name":"BKB Precision","description":"Geavanceerde kunststofbewerking","publisher":{"@id":"https:\/\/www.bkbprecision.com\/de#organization"},"potentialAction":[{"@type":"SearchAction","target":{"@type":"EntryPoint","urlTemplate":"https:\/\/www.bkbprecision.com\/de?s={search_term_string}"},"query-input":{"@type":"PropertyValueSpecification","valueRequired":true,"valueName":"search_term_string"}}],"inLanguage":"de-DE"},{"@type":"Organization","@id":"https:\/\/www.bkbprecision.com\/de#organization","name":"BKB Precision","url":"https:\/\/www.bkbprecision.com\/de","logo":{"@type":"ImageObject","inLanguage":"de-DE","@id":"https:\/\/www.bkbprecision.com\/de#\/schema\/logo\/image\/","url":"https:\/\/www.bkbprecision.com\/wp-content\/uploads\/2025\/10\/logo-bkb.svg","contentUrl":"https:\/\/www.bkbprecision.com\/wp-content\/uploads\/2025\/10\/logo-bkb.svg","caption":"BKB Precision"},"image":{"@id":"https:\/\/www.bkbprecision.com\/de#\/schema\/logo\/image\/"},"sameAs":["https:\/\/www.linkedin.com\/company\/bkb-precision","https:\/\/www.youtube.com\/@Bkbprecision"]}]}},"_links":{"self":[{"href":"https:\/\/www.bkbprecision.com\/de\/wp-json\/wp\/v2\/pages\/13953","targetHints":{"allow":["GET"]}}],"collection":[{"href":"https:\/\/www.bkbprecision.com\/de\/wp-json\/wp\/v2\/pages"}],"about":[{"href":"https:\/\/www.bkbprecision.com\/de\/wp-json\/wp\/v2\/types\/page"}],"author":[{"embeddable":true,"href":"https:\/\/www.bkbprecision.com\/de\/wp-json\/wp\/v2\/users\/3"}],"replies":[{"embeddable":true,"href":"https:\/\/www.bkbprecision.com\/de\/wp-json\/wp\/v2\/comments?post=13953"}],"version-history":[{"count":1,"href":"https:\/\/www.bkbprecision.com\/de\/wp-json\/wp\/v2\/pages\/13953\/revisions"}],"predecessor-version":[{"id":13955,"href":"https:\/\/www.bkbprecision.com\/de\/wp-json\/wp\/v2\/pages\/13953\/revisions\/13955"}],"wp:attachment":[{"href":"https:\/\/www.bkbprecision.com\/de\/wp-json\/wp\/v2\/media?parent=13953"}],"curies":[{"name":"wp","href":"https:\/\/api.w.org\/{rel}","templated":true}]}}